

{"id":336,"date":"2015-11-11T19:58:52","date_gmt":"2015-11-11T18:58:52","guid":{"rendered":"http:\/\/revedelune.com\/photographie\/?page_id=336"},"modified":"2024-04-29T17:30:52","modified_gmt":"2024-04-29T16:30:52","slug":"tarifs-portrait","status":"publish","type":"page","link":"https:\/\/revedelune.com\/photographie\/tarifs-portrait\/","title":{"rendered":"tarifs portrait"},"content":{"rendered":"<div class=\"flo-entry-content\"><div class=\"cosmo-one-half  \" style=\"padding: 0px 20px 0px 80px\" ><\/p>\n<p><img loading=\"lazy\" class=\"alignnone wp-image-649\" src=\"http:\/\/revedelune.com\/photographie\/wp-content\/uploads\/2015\/11\/mes5photos.png\" alt=\"mes 90 photos\" width=\"300\" height=\"60\" \/><br \/>\nR\u00eave de lune vous emm\u00e8ne pour une heure de prise de vue<br \/>\nEn ext\u00e9rieur \u00e0 la plus belle des lumi\u00e8res.<br \/>\nDe fa\u00e7on spontan\u00e9e, laissez vous guider \u2026<br \/>\nVous choisirez vos 5 images parmi plus d\u2019une centaine.<br \/>\nvalable de 1 \u00e0 4 personnes.<\/p>\n<p style=\"text-align: center;\"><strong>220\u20ac TTC<\/strong><\/p>\n<p><\/div>\n<div class=\"cosmo-one-half cosmo-column-last  \" style=\"padding: 80px 80px 0px 20px\" ><\/p>\n<p style=\"text-align: right;\"><img loading=\"lazy\" class=\"alignnone wp-image-647 size-full\" src=\"http:\/\/revedelune.com\/photographie\/wp-content\/uploads\/2015\/10\/mes20photos.png\" alt=\"mes 20 photos\" width=\"400\" height=\"80\" \/><br \/>\nDeux heures de prises de vue \u00e0 domicile, \u00e0 la plage<br \/>\nOu dans un lieu choisi autour de Caen. Venez avec votre famille ou vos amis.<br \/>\nVous choisirez\u00a0 vos 20 images parmi plus de 200.<br \/>\nR\u00eave de lune vous offre la cr\u00e9ation d\u2019une galerie s\u00e9curis\u00e9e sur notre site.<\/p>\n<p style=\"text-align: right; padding-right: 10px;\"><strong>460\u20ac TTC<\/strong><\/p>\n<p><\/div><div class=\"clear\"><\/div>\n<\/div>","protected":false},"excerpt":{"rendered":"","protected":false},"author":1,"featured_media":0,"parent":0,"menu_order":0,"comment_status":"closed","ping_status":"closed","template":"","meta":[],"_links":{"self":[{"href":"https:\/\/revedelune.com\/photographie\/wp-json\/wp\/v2\/pages\/336"}],"collection":[{"href":"https:\/\/revedelune.com\/photographie\/wp-json\/wp\/v2\/pages"}],"about":[{"href":"https:\/\/revedelune.com\/photographie\/wp-json\/wp\/v2\/types\/page"}],"author":[{"embeddable":true,"href":"https:\/\/revedelune.com\/photographie\/wp-json\/wp\/v2\/users\/1"}],"replies":[{"embeddable":true,"href":"https:\/\/revedelune.com\/photographie\/wp-json\/wp\/v2\/comments?post=336"}],"version-history":[{"count":10,"href":"https:\/\/revedelune.com\/photographie\/wp-json\/wp\/v2\/pages\/336\/revisions"}],"predecessor-version":[{"id":1804,"href":"https:\/\/revedelune.com\/photographie\/wp-json\/wp\/v2\/pages\/336\/revisions\/1804"}],"wp:attachment":[{"href":"https:\/\/revedelune.com\/photographie\/wp-json\/wp\/v2\/media?parent=336"}],"curies":[{"name":"wp","href":"https:\/\/api.w.org\/{rel}","templated":true}]}}