

{"id":77,"date":"2015-10-12T18:18:34","date_gmt":"2015-10-12T17:18:34","guid":{"rendered":"http:\/\/revedelune.com\/photographie\/?page_id=77"},"modified":"2024-05-13T23:35:03","modified_gmt":"2024-05-13T22:35:03","slug":"tarifs-mariage","status":"publish","type":"page","link":"https:\/\/revedelune.com\/photographie\/tarifs-mariage\/","title":{"rendered":"tarifs mariage"},"content":{"rendered":"<div class=\"flo-entry-content\"><div class=\"cosmo-one-half  \" style=\"padding: 0px 20px 0px 120px\" ><\/p>\n<p><img loading=\"lazy\" class=\"alignnone wp-image-649\" src=\"http:\/\/revedelune.com\/photographie\/wp-content\/uploads\/2015\/10\/mes90photos.png\" alt=\"mes 90 photos\" width=\"300\" height=\"60\"><br \/>\nR\u00eave de lune r\u00e9alise et signe le reportage de votre journ\u00e9e.<br \/>\nVous s\u00e9lectionnerez vos photographies noir et blanc ou couleur parmi l&rsquo;ensemble des clich\u00e9s pris durant la journ\u00e9e.<br \/>\nLe photographe est avec vous d\u00e8s les pr\u00e9paratifs et reste avec vous jusqu\u2019au vin d\u2019honneur.<br \/>\nCe forfait inclut les photos de couple&#8230; Le jour J ou un autre jour.<\/p>\n<p style=\"text-align: center;\">1950\u20ac TTC<\/p>\n<p><\/div>\n<div class=\"cosmo-one-half cosmo-column-last  \" style=\"padding: 100px 120px 0px 20px\" ><\/p>\n<p style=\"text-align: right;\"><img loading=\"lazy\" class=\"alignnone wp-image-647 size-full\" src=\"http:\/\/revedelune.com\/photographie\/wp-content\/uploads\/2015\/10\/mes90photosetsources.png\" alt=\"mes 90 photos et sources\" width=\"400\" height=\"80\"><br \/>\nR\u00eave de lune r\u00e9alise et signe le reportage de votre journ\u00e9e.<br \/>\nVous s\u00e9lectionnerez vos photographies noir et blanc ou couleur parmi l&rsquo;ensemble des clich\u00e9s pris durant la journ\u00e9e.<br \/>\nLe photographe est avec vous d\u00e8s les pr\u00e9paratifs et reste avec vous jusqu\u2019au vin d\u2019honneur.<br \/>\nCe forfait inclut les photos de couple&#8230; Le jour J ou un autre jour.<br \/>\nVous \u00eates propri\u00e9taire de l&rsquo;INTEGRALITE des sources.<\/p>\n<p style=\"text-align: right; padding-right: 10px;\">2900\u20ac TTC<\/p>\n<p><\/div><div class=\"clear\"><\/div>\n<div class=\"cosmo-one-half  \" style=\"padding: 0px 0px 0px 180px\" ><\/p>\n<p><img class=\"alignnone wp-image-648 size-full\" src=\"http:\/\/revedelune.com\/photographie\/wp-content\/uploads\/2024\/05\/mes30photos.png\" alt=\"mes 30 photos\"><br \/>\nR\u00eave de lune r\u00e9alise une prise de vue de 2 heures selon vos envies. De fa\u00e7on spontan\u00e9e, toujours dans le mouvement, laissez vous guider pur obtenir une s\u00e9rie de clich\u00e9s qui vous ressemblent. Vous pouvez utiliser ce temps \u00e0 votre gr\u00e9 :<\/p>\n<ul style=\"list-style-type: none;\">\n<li>&#8211; Mairie ou EGLISE<\/li>\n<li>&#8211; ou Photos de COUPLE et famille<\/li>\n<li>&#8211; ou PREPARATIFS<\/li>\n<\/ul>\n<p>Vous s\u00e9l\u00e9ctionnerez 20 photographies parmi plus de 200.<\/p>\n<p style=\"text-align: right; padding-right: 10px;\">750\u20ac TTC<\/p>\n<p><\/div>\n<div class=\"cosmo-one-half cosmo-column-last  \" style=\"padding: 0px 0px 0px 0px\" ><br \/>\n<a href=\"https:\/\/revedelune.com\/photographie\/wp-content\/uploads\/2024\/05\/photo_mariage_revedelune.pdf\" target=\"_blank\" rel=\"noopener noreferrer\" data-wplink-edit=\"true\"><img class=\"wp-image-796 size-medium aligncenter\" src=\"http:\/\/revedelune.com\/photographie\/wp-content\/uploads\/2024\/05\/brochure-mariage-vignette.jpg\" alt=\"\"><\/a><br \/>\n<\/div><div class=\"clear\"><\/div>\n\t\t<div class=\" flo-img-text image-left\">\n\t\t\t<div class=\"image-wrapper\" style=\" width: 20%;  float: left; \" >\n\t\t\t\t\t\t\t<\/div>\n\t\t\t<div class=\"text-wrapper\" style=\" width: 80%;  float: right; \" >\n\t\t\t\t<\/p>\n<p style=\"text-align: right; padding-right: 120px;\">Nous vous OFFRONS la cr\u00e9ation d&rsquo;une GALERIE SECURISEE d&rsquo;images sur notre site<br \/>\n<strong>via un mot de passe<\/strong> avec les photos de votre choix (pour tous les forfaits)<\/p>\n<p>\t\t\t<\/div>\n\t\t<\/div>\n\t\t\n\t\n<\/div>","protected":false},"excerpt":{"rendered":"","protected":false},"author":1,"featured_media":0,"parent":0,"menu_order":0,"comment_status":"closed","ping_status":"closed","template":"","meta":[],"_links":{"self":[{"href":"https:\/\/revedelune.com\/photographie\/wp-json\/wp\/v2\/pages\/77"}],"collection":[{"href":"https:\/\/revedelune.com\/photographie\/wp-json\/wp\/v2\/pages"}],"about":[{"href":"https:\/\/revedelune.com\/photographie\/wp-json\/wp\/v2\/types\/page"}],"author":[{"embeddable":true,"href":"https:\/\/revedelune.com\/photographie\/wp-json\/wp\/v2\/users\/1"}],"replies":[{"embeddable":true,"href":"https:\/\/revedelune.com\/photographie\/wp-json\/wp\/v2\/comments?post=77"}],"version-history":[{"count":16,"href":"https:\/\/revedelune.com\/photographie\/wp-json\/wp\/v2\/pages\/77\/revisions"}],"predecessor-version":[{"id":1838,"href":"https:\/\/revedelune.com\/photographie\/wp-json\/wp\/v2\/pages\/77\/revisions\/1838"}],"wp:attachment":[{"href":"https:\/\/revedelune.com\/photographie\/wp-json\/wp\/v2\/media?parent=77"}],"curies":[{"name":"wp","href":"https:\/\/api.w.org\/{rel}","templated":true}]}}